{"id":7873,"date":"2023-09-27T22:02:26","date_gmt":"2023-09-27T20:02:26","guid":{"rendered":"http:\/\/masdis.eu\/?page_id=7873"},"modified":"2025-07-27T01:19:15","modified_gmt":"2025-07-26T23:19:15","slug":"akcesoria","status":"publish","type":"page","link":"https:\/\/masdis.pl\/?page_id=7873","title":{"rendered":"Akcesoria"},"content":{"rendered":"\t\t<div data-elementor-type=\"wp-page\" data-elementor-id=\"7873\" class=\"elementor elementor-7873\" data-elementor-post-type=\"page\">\n\t\t\t\t\t\t<section class=\"elementor-section elementor-top-section elementor-element elementor-element-9fec12a elementor-section-boxed elementor-section-height-default elementor-section-height-default\" data-id=\"9fec12a\" data-element_type=\"section\" data-e-type=\"section\" data-settings=\"{&quot;background_background&quot;:&quot;classic&quot;,&quot;shape_divider_bottom&quot;:&quot;mountains&quot;}\">\n\t\t\t\t\t<div class=\"elementor-shape elementor-shape-bottom\" aria-hidden=\"true\" data-negative=\"false\">\n\t\t\t<svg xmlns=\"http:\/\/www.w3.org\/2000\/svg\" viewBox=\"0 0 1000 100\" preserveAspectRatio=\"none\">\n\t<path class=\"elementor-shape-fill\" opacity=\"0.33\" d=\"M473,67.3c-203.9,88.3-263.1-34-320.3,0C66,119.1,0,59.7,0,59.7V0h1000v59.7 c0,0-62.1,26.1-94.9,29.3c-32.8,3.3-62.8-12.3-75.8-22.1C806,49.6,745.3,8.7,694.9,4.7S492.4,59,473,67.3z\"\/>\n\t<path class=\"elementor-shape-fill\" opacity=\"0.66\" d=\"M734,67.3c-45.5,0-77.2-23.2-129.1-39.1c-28.6-8.7-150.3-10.1-254,39.1 s-91.7-34.4-149.2,0C115.7,118.3,0,39.8,0,39.8V0h1000v36.5c0,0-28.2-18.5-92.1-18.5C810.2,18.1,775.7,67.3,734,67.3z\"\/>\n\t<path class=\"elementor-shape-fill\" d=\"M766.1,28.9c-200-57.5-266,65.5-395.1,19.5C242,1.8,242,5.4,184.8,20.6C128,35.8,132.3,44.9,89.9,52.5C28.6,63.7,0,0,0,0 h1000c0,0-9.9,40.9-83.6,48.1S829.6,47,766.1,28.9z\"\/>\n<\/svg>\t\t<\/div>\n\t\t\t\t\t<div class=\"elementor-container elementor-column-gap-default\">\n\t\t\t\t\t<div class=\"elementor-column elementor-col-100 elementor-top-column elementor-element elementor-element-6719cb9\" data-id=\"6719cb9\" data-element_type=\"column\" data-e-type=\"column\">\n\t\t\t<div class=\"elementor-widget-wrap elementor-element-populated\">\n\t\t\t\t\t\t<div class=\"elementor-element elementor-element-e7fc94f elementor-invisible elementor-widget elementor-widget-creote-heading-v2\" data-id=\"e7fc94f\" data-element_type=\"widget\" data-e-type=\"widget\" data-settings=\"{&quot;_animation&quot;:&quot;fadeInUp&quot;}\" data-widget_type=\"creote-heading-v2.default\">\n\t\t\t\t<div class=\"elementor-widget-container\">\n\t\t\t\t\t<div class=\"heading type_two text_left\">  <div class=\"small_text\">  JETTING <\/div>    <div class=\"heading_text\"> Eksperci od wdmuchiwania kabli<\/div>    <div class=\"small_text_sub\">JETTING<\/div>  <\/div>\r\n\t\t\t\t<\/div>\n\t\t\t\t<\/div>\n\t\t\t\t\t<\/div>\n\t\t<\/div>\n\t\t\t\t\t<\/div>\n\t\t<\/section>\n\t\t\t\t<section class=\"elementor-section elementor-top-section elementor-element elementor-element-36866bd elementor-section-boxed elementor-section-height-default elementor-section-height-default\" data-id=\"36866bd\" data-element_type=\"section\" data-e-type=\"section\" data-settings=\"{&quot;background_background&quot;:&quot;classic&quot;}\">\n\t\t\t\t\t\t<div class=\"elementor-container elementor-column-gap-default\">\n\t\t\t\t\t<div class=\"elementor-column elementor-col-100 elementor-top-column elementor-element elementor-element-cf291cd\" data-id=\"cf291cd\" data-element_type=\"column\" data-e-type=\"column\">\n\t\t\t<div class=\"elementor-widget-wrap elementor-element-populated\">\n\t\t\t\t\t\t<div class=\"elementor-element elementor-element-af92f79 elementor-widget elementor-widget-creote-widget-title-v1\" data-id=\"af92f79\" data-element_type=\"widget\" data-e-type=\"widget\" data-widget_type=\"creote-widget-title-v1.default\">\n\t\t\t\t<div class=\"elementor-widget-container\">\n\t\t\t\t\t<div class=\"footer_widgets wid_tit style_one\">\r\n   <div class=\"fo_wid_title\">\r\n      <h2>Akcesoria i materia\u0142y eksploatacyjne<\/h2>\r\n   <\/div>\r\n<\/div>\r\n   \r\n\t\t\t\t<\/div>\n\t\t\t\t<\/div>\n\t\t\t\t<div class=\"elementor-element elementor-element-15b09dd elementor-widget elementor-widget-creote-text-editor-v1\" data-id=\"15b09dd\" data-element_type=\"widget\" data-e-type=\"widget\" data-widget_type=\"creote-text-editor-v1.default\">\n\t\t\t\t<div class=\"elementor-widget-container\">\n\t\t\t\t\t   <div class=\"position-relative\">\r\n        <p><strong>Wszystkie wdmuchiwarki Jetting dostarczane s\u0105 wraz z wst\u0119pnym zestawem akcesori\u00f3w potrzebnych do uruchomienia i pracy z wybranym przez Klienta pojedyncz\u0105 konfiguracj\u0105 kabel\/rura i gotowe do pracy zaraz po wyci\u0105gni\u0119ciu ze skrzyni transportowej i pod\u0142\u0105czeniu do spr\u0119\u017carki lub na\u0142adowanych baterii. W celu dopasowania maszyny pod inne potrzebne konfiguracje kabel\/rura niezb\u0119dne b\u0119dzie poszerzenie zestawu podstawowego od razu przy zakupie lub w p\u00f3\u017aniejszym okresie w miar\u0119 potrzeb danej instalacji. S\u0142u\u017cy\u0107 temu b\u0119d\u0105 elementy konfiguracji danej maszyny.<\/strong><\/p><p><strong>Kolejn\u0105 istotn\u0105 grup\u0105 akcesori\u00f3w b\u0119d\u0105 materia\u0142y eksploatacyjne s\u0142u\u017c\u0105ce do wymiany element\u00f3w zu\u017cywaj\u0105cych si\u0119 w trakcie eksploatacji, a jeszcze inn\u0105 akcesoria wspomagaj\u0105ce lub usprawniaj\u0105ce proces instalacyjny. <\/strong><\/p><p><strong>Wszystkie te grupy znajduj\u0105 si\u0119 w ofercie Jetting lub uzupe\u0142niane b\u0119d\u0105 produktami firm wsp\u00f3\u0142pracuj\u0105cych. Wiele z tych akcesori\u00f3w mo\u017ce by\u0107 wykorzystane do pracy z wdmuchiwarkami innych producent\u00f3w.<\/strong><\/p>    <\/div>\r\n\t\t\t\t<\/div>\n\t\t\t\t<\/div>\n\t\t\t\t\t<\/div>\n\t\t<\/div>\n\t\t\t\t\t<\/div>\n\t\t<\/section>\n\t\t\t\t<section class=\"elementor-section elementor-top-section elementor-element elementor-element-e6b89be elementor-section-boxed elementor-section-height-default elementor-section-height-default\" data-id=\"e6b89be\" data-element_type=\"section\" data-e-type=\"section\">\n\t\t\t\t\t\t<div class=\"elementor-container elementor-column-gap-wide\">\n\t\t\t\t\t<div class=\"elementor-column elementor-col-25 elementor-top-column elementor-element elementor-element-9f3f329\" data-id=\"9f3f329\" data-element_type=\"column\" data-e-type=\"column\">\n\t\t\t<div class=\"elementor-widget-wrap elementor-element-populated\">\n\t\t\t\t\t\t<div class=\"elementor-element elementor-element-7ba881d elementor-widget elementor-widget-image\" data-id=\"7ba881d\" data-element_type=\"widget\" data-e-type=\"widget\" data-widget_type=\"image.default\">\n\t\t\t\t<div class=\"elementor-widget-container\">\n\t\t\t\t\t\t\t\t\t\t\t\t\t\t\t\t<a href=\"?page_id=9474\">\n\t\t\t\t\t\t\t<img fetchpriority=\"high\" decoding=\"async\" width=\"800\" height=\"800\" src=\"https:\/\/masdis.pl\/wp-content\/uploads\/2023\/09\/Jetting_ACC_Clamps_01.png\" class=\"attachment-large size-large wp-image-7611\" alt=\"\" srcset=\"https:\/\/masdis.pl\/wp-content\/uploads\/2023\/09\/Jetting_ACC_Clamps_01.png 800w, https:\/\/masdis.pl\/wp-content\/uploads\/2023\/09\/Jetting_ACC_Clamps_01-300x300.png 300w, https:\/\/masdis.pl\/wp-content\/uploads\/2023\/09\/Jetting_ACC_Clamps_01-150x150.png 150w, https:\/\/masdis.pl\/wp-content\/uploads\/2023\/09\/Jetting_ACC_Clamps_01-768x768.png 768w, https:\/\/masdis.pl\/wp-content\/uploads\/2023\/09\/Jetting_ACC_Clamps_01-600x600.png 600w, https:\/\/masdis.pl\/wp-content\/uploads\/2023\/09\/Jetting_ACC_Clamps_01-100x100.png 100w\" sizes=\"(max-width: 800px) 100vw, 800px\" \/>\t\t\t\t\t\t\t\t<\/a>\n\t\t\t\t\t\t\t\t\t\t\t\t\t\t\t<\/div>\n\t\t\t\t<\/div>\n\t\t\t\t<div class=\"elementor-element elementor-element-baef717 elementor-widget elementor-widget-text-editor\" data-id=\"baef717\" data-element_type=\"widget\" data-e-type=\"widget\" data-widget_type=\"text-editor.default\">\n\t\t\t\t<div class=\"elementor-widget-container\">\n\t\t\t\t\t\t\t\t\t<p style=\"text-align: center;\"><strong><span style=\"color: #800000;\">ELEMENTY DO KONFIGURACJI WDMUCHIWAREK<\/span><\/strong><\/p>\t\t\t\t\t\t\t\t<\/div>\n\t\t\t\t<\/div>\n\t\t\t\t<div class=\"elementor-element elementor-element-0596056 elementor-widget elementor-widget-text-editor\" data-id=\"0596056\" data-element_type=\"widget\" data-e-type=\"widget\" data-widget_type=\"text-editor.default\">\n\t\t\t\t<div class=\"elementor-widget-container\">\n\t\t\t\t\t\t\t\t\t<p>Dedykowane elementy do konfiguracji wdmuchiwarek Jetting: bloki uchwytu rur i mikrorurek \/ prowadnice kabli \/ k\u00f3\u0142ka nap\u0119dowe \/ zestawy pask\u00f3w i prowadnic do zwielokrotnienia wi\u0105zkami mikrorurek.<\/p>\t\t\t\t\t\t\t\t<\/div>\n\t\t\t\t<\/div>\n\t\t\t\t\t<\/div>\n\t\t<\/div>\n\t\t\t\t<div class=\"elementor-column elementor-col-25 elementor-top-column elementor-element elementor-element-36bb1ee\" data-id=\"36bb1ee\" data-element_type=\"column\" data-e-type=\"column\">\n\t\t\t<div class=\"elementor-widget-wrap elementor-element-populated\">\n\t\t\t\t\t\t<div class=\"elementor-element elementor-element-305447f elementor-widget elementor-widget-image\" data-id=\"305447f\" data-element_type=\"widget\" data-e-type=\"widget\" data-widget_type=\"image.default\">\n\t\t\t\t<div class=\"elementor-widget-container\">\n\t\t\t\t\t\t\t\t\t\t\t\t\t\t\t\t<a href=\"?page_id=9369\">\n\t\t\t\t\t\t\t<img decoding=\"async\" width=\"400\" height=\"400\" src=\"https:\/\/masdis.pl\/wp-content\/uploads\/2023\/09\/MJet_V2_belts_400x400.png\" class=\"attachment-large size-large wp-image-8076\" alt=\"\" srcset=\"https:\/\/masdis.pl\/wp-content\/uploads\/2023\/09\/MJet_V2_belts_400x400.png 400w, https:\/\/masdis.pl\/wp-content\/uploads\/2023\/09\/MJet_V2_belts_400x400-300x300.png 300w, https:\/\/masdis.pl\/wp-content\/uploads\/2023\/09\/MJet_V2_belts_400x400-150x150.png 150w, https:\/\/masdis.pl\/wp-content\/uploads\/2023\/09\/MJet_V2_belts_400x400-100x100.png 100w\" sizes=\"(max-width: 400px) 100vw, 400px\" \/>\t\t\t\t\t\t\t\t<\/a>\n\t\t\t\t\t\t\t\t\t\t\t\t\t\t\t<\/div>\n\t\t\t\t<\/div>\n\t\t\t\t<div class=\"elementor-element elementor-element-e79194f elementor-widget elementor-widget-text-editor\" data-id=\"e79194f\" data-element_type=\"widget\" data-e-type=\"widget\" data-widget_type=\"text-editor.default\">\n\t\t\t\t<div class=\"elementor-widget-container\">\n\t\t\t\t\t\t\t\t\t<p style=\"text-align: center;\"><strong><span style=\"color: #800000;\">MATERIA\u0141Y <br \/>EKSPLOATACYJNE<br \/><\/span><\/strong><\/p>\t\t\t\t\t\t\t\t<\/div>\n\t\t\t\t<\/div>\n\t\t\t\t<div class=\"elementor-element elementor-element-b29672e elementor-widget elementor-widget-text-editor\" data-id=\"b29672e\" data-element_type=\"widget\" data-e-type=\"widget\" data-widget_type=\"text-editor.default\">\n\t\t\t\t<div class=\"elementor-widget-container\">\n\t\t\t\t\t\t\t\t\tWszelkiego rodzaju materia\u0142y zu\u017cywane podczas instalacji: paski nap\u0119dowe, lubrykanty, oleje do silnik\u00f3w, uszczelki blok\u00f3w i kabli, cz\u0119\u015bci zapasowe, narz\u0119dzia zapasowe, baterie wymienne.\t\t\t\t\t\t\t\t<\/div>\n\t\t\t\t<\/div>\n\t\t\t\t\t<\/div>\n\t\t<\/div>\n\t\t\t\t<div class=\"elementor-column elementor-col-25 elementor-top-column elementor-element elementor-element-bc72282\" data-id=\"bc72282\" data-element_type=\"column\" data-e-type=\"column\">\n\t\t\t<div class=\"elementor-widget-wrap elementor-element-populated\">\n\t\t\t\t\t\t<div class=\"elementor-element elementor-element-f55ff2a elementor-widget elementor-widget-image\" data-id=\"f55ff2a\" data-element_type=\"widget\" data-e-type=\"widget\" data-widget_type=\"image.default\">\n\t\t\t\t<div class=\"elementor-widget-container\">\n\t\t\t\t\t\t\t\t\t\t\t\t\t\t\t\t<a href=\"?page_id=9371\">\n\t\t\t\t\t\t\t<img decoding=\"async\" width=\"400\" height=\"400\" src=\"https:\/\/masdis.pl\/wp-content\/uploads\/2023\/09\/MJET_ABlowerV2_400x400.png\" class=\"attachment-large size-large wp-image-8073\" alt=\"\" srcset=\"https:\/\/masdis.pl\/wp-content\/uploads\/2023\/09\/MJET_ABlowerV2_400x400.png 400w, https:\/\/masdis.pl\/wp-content\/uploads\/2023\/09\/MJET_ABlowerV2_400x400-300x300.png 300w, https:\/\/masdis.pl\/wp-content\/uploads\/2023\/09\/MJET_ABlowerV2_400x400-150x150.png 150w, https:\/\/masdis.pl\/wp-content\/uploads\/2023\/09\/MJET_ABlowerV2_400x400-100x100.png 100w\" sizes=\"(max-width: 400px) 100vw, 400px\" \/>\t\t\t\t\t\t\t\t<\/a>\n\t\t\t\t\t\t\t\t\t\t\t\t\t\t\t<\/div>\n\t\t\t\t<\/div>\n\t\t\t\t<div class=\"elementor-element elementor-element-7b990e6 elementor-widget elementor-widget-text-editor\" data-id=\"7b990e6\" data-element_type=\"widget\" data-e-type=\"widget\" data-widget_type=\"text-editor.default\">\n\t\t\t\t<div class=\"elementor-widget-container\">\n\t\t\t\t\t\t\t\t\t<p style=\"text-align: center;\"><strong><span style=\"color: #800000;\">NARZ\u0118DZIA I WSPOMAGANIE PROCESU INSTALACYJNEGO<\/span><\/strong><\/p>\t\t\t\t\t\t\t\t<\/div>\n\t\t\t\t<\/div>\n\t\t\t\t<div class=\"elementor-element elementor-element-041e651 elementor-widget elementor-widget-text-editor\" data-id=\"041e651\" data-element_type=\"widget\" data-e-type=\"widget\" data-widget_type=\"text-editor.default\">\n\t\t\t\t<div class=\"elementor-widget-container\">\n\t\t\t\t\t\t\t\t\tElementy zwi\u0105zane z technik\u0105 instalacyjn\u0105 i pracami kablowymi: karuzele, podno\u015bniki b\u0119bnowe, narz\u0119dzia do rur i kabli, zestawy do water-floatingu, blok Y do overblowingu, blok AB afterblower.\t\t\t\t\t\t\t\t<\/div>\n\t\t\t\t<\/div>\n\t\t\t\t\t<\/div>\n\t\t<\/div>\n\t\t\t\t<div class=\"elementor-column elementor-col-25 elementor-top-column elementor-element elementor-element-99234fa\" data-id=\"99234fa\" data-element_type=\"column\" data-e-type=\"column\">\n\t\t\t<div class=\"elementor-widget-wrap elementor-element-populated\">\n\t\t\t\t\t\t<div class=\"elementor-element elementor-element-e2e6546 elementor-widget elementor-widget-image\" data-id=\"e2e6546\" data-element_type=\"widget\" data-e-type=\"widget\" data-widget_type=\"image.default\">\n\t\t\t\t<div class=\"elementor-widget-container\">\n\t\t\t\t\t\t\t\t\t\t\t\t\t\t\t\t<a href=\"#\">\n\t\t\t\t\t\t\t<img loading=\"lazy\" decoding=\"async\" width=\"800\" height=\"800\" src=\"https:\/\/masdis.pl\/wp-content\/uploads\/2023\/09\/MJET_AirHose34_02.png\" class=\"attachment-large size-large wp-image-8296\" alt=\"\" srcset=\"https:\/\/masdis.pl\/wp-content\/uploads\/2023\/09\/MJET_AirHose34_02.png 800w, https:\/\/masdis.pl\/wp-content\/uploads\/2023\/09\/MJET_AirHose34_02-300x300.png 300w, https:\/\/masdis.pl\/wp-content\/uploads\/2023\/09\/MJET_AirHose34_02-150x150.png 150w, https:\/\/masdis.pl\/wp-content\/uploads\/2023\/09\/MJET_AirHose34_02-768x768.png 768w, https:\/\/masdis.pl\/wp-content\/uploads\/2023\/09\/MJET_AirHose34_02-600x600.png 600w, https:\/\/masdis.pl\/wp-content\/uploads\/2023\/09\/MJET_AirHose34_02-100x100.png 100w\" sizes=\"(max-width: 800px) 100vw, 800px\" \/>\t\t\t\t\t\t\t\t<\/a>\n\t\t\t\t\t\t\t\t\t\t\t\t\t\t\t<\/div>\n\t\t\t\t<\/div>\n\t\t\t\t<div class=\"elementor-element elementor-element-255e96b elementor-widget elementor-widget-text-editor\" data-id=\"255e96b\" data-element_type=\"widget\" data-e-type=\"widget\" data-widget_type=\"text-editor.default\">\n\t\t\t\t<div class=\"elementor-widget-container\">\n\t\t\t\t\t\t\t\t\t<p style=\"text-align: center;\"><strong><span style=\"color: #800000;\">ELEMENTY TORU PNEUMATYCZNEGO<\/span><\/strong><\/p>\t\t\t\t\t\t\t\t<\/div>\n\t\t\t\t<\/div>\n\t\t\t\t<div class=\"elementor-element elementor-element-0306a98 elementor-widget elementor-widget-text-editor\" data-id=\"0306a98\" data-element_type=\"widget\" data-e-type=\"widget\" data-widget_type=\"text-editor.default\">\n\t\t\t\t<div class=\"elementor-widget-container\">\n\t\t\t\t\t\t\t\t\tWszelkiego rodzaju elementy przydatne do po\u0142\u0105cze\u0144 wdmuchiwarek i spr\u0119\u017carek: w\u0119\u017ce i przewody zakute z\u0142\u0105czkami k\u0142owymi lub innymi, reduktory ci\u015bnienia, filtry i ch\u0142odnice, elementy do pr\u00f3b ci\u015bnieniowych, manometry, zwijacze kabli \t\t\t\t\t\t\t\t<\/div>\n\t\t\t\t<\/div>\n\t\t\t\t\t<\/div>\n\t\t<\/div>\n\t\t\t\t\t<\/div>\n\t\t<\/section>\n\t\t\t\t<\/div>\n\t\t","protected":false},"excerpt":{"rendered":"<p>JETTING Eksperci od wdmuchiwania kabli JETTING Akcesoria i materia\u0142y eksploatacyjne Wszystkie wdmuchiwarki Jetting dostarczane s\u0105 wraz z wst\u0119pnym zestawem akcesori\u00f3w potrzebnych do uruchomienia i pracy z wybranym przez Klienta pojedyncz\u0105 konfiguracj\u0105 kabel\/rura i gotowe do pracy zaraz po wyci\u0105gni\u0119ciu ze skrzyni transportowej i pod\u0142\u0105czeniu do spr\u0119\u017carki lub na\u0142adowanych baterii. W celu dopasowania maszyny pod inne [&hellip;]<\/p>\n","protected":false},"author":1,"featured_media":0,"parent":7077,"menu_order":11,"comment_status":"open","ping_status":"closed","template":"template-fullwidth.php","meta":{"footnotes":""},"class_list":["post-7873","page","type-page","status-publish","hentry"],"_links":{"self":[{"href":"https:\/\/masdis.pl\/index.php?rest_route=\/wp\/v2\/pages\/7873","targetHints":{"allow":["GET"]}}],"collection":[{"href":"https:\/\/masdis.pl\/index.php?rest_route=\/wp\/v2\/pages"}],"about":[{"href":"https:\/\/masdis.pl\/index.php?rest_route=\/wp\/v2\/types\/page"}],"author":[{"embeddable":true,"href":"https:\/\/masdis.pl\/index.php?rest_route=\/wp\/v2\/users\/1"}],"replies":[{"embeddable":true,"href":"https:\/\/masdis.pl\/index.php?rest_route=%2Fwp%2Fv2%2Fcomments&post=7873"}],"version-history":[{"count":191,"href":"https:\/\/masdis.pl\/index.php?rest_route=\/wp\/v2\/pages\/7873\/revisions"}],"predecessor-version":[{"id":9535,"href":"https:\/\/masdis.pl\/index.php?rest_route=\/wp\/v2\/pages\/7873\/revisions\/9535"}],"up":[{"embeddable":true,"href":"https:\/\/masdis.pl\/index.php?rest_route=\/wp\/v2\/pages\/7077"}],"wp:attachment":[{"href":"https:\/\/masdis.pl\/index.php?rest_route=%2Fwp%2Fv2%2Fmedia&parent=7873"}],"curies":[{"name":"wp","href":"https:\/\/api.w.org\/{rel}","templated":true}]}}